{"id":10,"date":"2023-09-13T14:23:48","date_gmt":"2023-09-13T12:23:48","guid":{"rendered":"http:\/\/quantumcmsprod.quadram.site\/quantum_db\/?page_id=10"},"modified":"2023-10-12T09:04:18","modified_gmt":"2023-10-12T07:04:18","slug":"qui-sommes-nous","status":"publish","type":"page","link":"https:\/\/quantum-mesurage.com\/index.php\/qui-sommes-nous\/","title":{"rendered":"Qui sommes-nous"},"content":{"rendered":"\n<h2 class=\"wp-block-heading has-text-align-center has-text-color\" style=\"color:#606060;font-size:26px;font-style:normal;font-weight:100;text-transform:none\">Triangulum<\/h2>\n\n\n\n<p><\/p>\n\n\n\n<div class=\"wp-block-media-text\" style=\"grid-template-columns:15% auto\"><figure class=\"wp-block-media-text__media\"><img loading=\"lazy\" decoding=\"async\" width=\"225\" height=\"225\" src=\"https:\/\/quantum-mesurage.com\/wp-content\/uploads\/2023\/09\/telechargement.jpg\" alt=\"\" class=\"wp-image-51 size-full\" srcset=\"https:\/\/quantum-mesurage.com\/wp-content\/uploads\/2023\/09\/telechargement.jpg 225w, https:\/\/quantum-mesurage.com\/wp-content\/uploads\/2023\/09\/telechargement-150x150.jpg 150w, https:\/\/quantum-mesurage.com\/wp-content\/uploads\/2023\/09\/telechargement-98x98.jpg 98w, https:\/\/quantum-mesurage.com\/wp-content\/uploads\/2023\/09\/telechargement-68x68.jpg 68w\" sizes=\"auto, (max-width: 225px) 100vw, 225px\" \/><\/figure><div class=\"wp-block-media-text__content\">\n<p>Triangulum est une soci\u00e9t\u00e9 sp\u00e9cialis\u00e9e dans l\u2019accompagnement des acteurs de la construction vers la digitalisation. D\u00e8s sa cr\u00e9ation, elle s\u2019est notamment sp\u00e9cialis\u00e9 dans le BIM car celui-ci permet un <strong>calcul plus pr\u00e9cis des quantit\u00e9s gr\u00e2ce \u00e0 la 3D<\/strong>. <\/p>\n<\/div><\/div>\n\n\n\n<hr class=\"wp-block-separator has-alpha-channel-opacity is-style-dots\"\/>\n\n\n\n<h2 class=\"wp-block-heading has-text-align-center has-text-color\" style=\"color:#606060;font-size:26px;font-style:normal;font-weight:100\">Quadram<\/h2>\n\n\n\n<div class=\"wp-block-media-text\" style=\"grid-template-columns:15% auto\"><figure class=\"wp-block-media-text__media\"><img loading=\"lazy\" decoding=\"async\" width=\"196\" height=\"50\" src=\"http:\/\/quantumcmsprod.quadram.site\/quantum_db\/wp-content\/uploads\/2023\/09\/Logo-QDM-196x50-1.png\" alt=\"\" class=\"wp-image-52 size-full\"\/><\/figure><div class=\"wp-block-media-text__content\">\n<p>Quadram est \u00e9diteur de logiciels sp\u00e9cialis\u00e9 notamment dans les outils pour les acteurs de la construction. Depuis sa cr\u00e9ation en 1991, ses produits n&rsquo;ont cess\u00e9 d&rsquo;\u00e9voluer sous l&rsquo;impulsion de ses clients et l&rsquo;\u00e9volution du march\u00e9 pour devenir avec le temps des <strong>outils de r\u00e9f\u00e9rence sur le march\u00e9 luxembourgeois<\/strong>.<\/p>\n<\/div><\/div>\n\n\n\n<hr class=\"wp-block-separator has-alpha-channel-opacity is-style-dots\"\/>\n\n\n\n<h2 class=\"wp-block-heading has-text-color\" style=\"color:#606060;font-size:20px;font-style:normal;font-weight:100\">Une association\u00a0compl\u00e9mentaire<\/h2>\n\n\n\n<p>Etant dans le m\u00eame domaine (construction + digitalisation) et sur le m\u00eame territoire, ces acteurs devaient bien un jour naturellement se rencontrer. Rapidement, leurs id\u00e9es ont converg\u00e9 vers des projets de d\u00e9veloppement communs. Quantum est l\u2019un d\u2019entre eux. De plus, ce service est <strong>compl\u00e9mentaire aux logiciels de la suite ERGO<\/strong>. Il permet en effet de pouvoir rentrer toutes les <strong>donn\u00e9es dimensionnelles d&rsquo;un projet<\/strong> n\u00e9cessaires notamment \u00e0 la cr\u00e9ation d\u2019un devis.<\/p>\n","protected":false},"excerpt":{"rendered":"<p>Triangulum Triangulum est une soci\u00e9t\u00e9 sp\u00e9cialis\u00e9e dans l\u2019accompagnement des acteurs de la construction vers la digitalisation. D\u00e8s sa cr\u00e9ation, elle &hellip; <\/p>\n","protected":false},"author":1,"featured_media":0,"parent":0,"menu_order":0,"comment_status":"closed","ping_status":"closed","template":"","meta":{"om_disable_all_campaigns":false,"_monsterinsights_skip_tracking":false,"_monsterinsights_sitenote_active":false,"_monsterinsights_sitenote_note":"","_monsterinsights_sitenote_category":0,"footnotes":""},"class_list":["post-10","page","type-page","status-publish","hentry"],"aioseo_notices":[],"_links":{"self":[{"href":"https:\/\/quantum-mesurage.com\/index.php\/wp-json\/wp\/v2\/pages\/10","targetHints":{"allow":["GET"]}}],"collection":[{"href":"https:\/\/quantum-mesurage.com\/index.php\/wp-json\/wp\/v2\/pages"}],"about":[{"href":"https:\/\/quantum-mesurage.com\/index.php\/wp-json\/wp\/v2\/types\/page"}],"author":[{"embeddable":true,"href":"https:\/\/quantum-mesurage.com\/index.php\/wp-json\/wp\/v2\/users\/1"}],"replies":[{"embeddable":true,"href":"https:\/\/quantum-mesurage.com\/index.php\/wp-json\/wp\/v2\/comments?post=10"}],"version-history":[{"count":29,"href":"https:\/\/quantum-mesurage.com\/index.php\/wp-json\/wp\/v2\/pages\/10\/revisions"}],"predecessor-version":[{"id":483,"href":"https:\/\/quantum-mesurage.com\/index.php\/wp-json\/wp\/v2\/pages\/10\/revisions\/483"}],"wp:attachment":[{"href":"https:\/\/quantum-mesurage.com\/index.php\/wp-json\/wp\/v2\/media?parent=10"}],"curies":[{"name":"wp","href":"https:\/\/api.w.org\/{rel}","templated":true}]}}